{"id":31,"date":"2024-02-04T13:53:55","date_gmt":"2024-02-04T13:53:55","guid":{"rendered":"https:\/\/wordpress.jorispaa.duckdns.org\/?page_id=31"},"modified":"2026-03-17T10:53:15","modified_gmt":"2026-03-17T10:53:15","slug":"publications","status":"publish","type":"page","link":"https:\/\/www.marjokolehmainen.net\/fi\/publications\/","title":{"rendered":"Julkaisuja"},"content":{"rendered":"\n<p class=\"has-medium-font-size\"><strong>A &#8211; Peer-reviewed scientific articles<\/strong><\/p>\n\n\n\n<ol class=\"wp-block-list\">\n<li class=\"has-medium-font-size\">Kolehmainen, Marjo (2026): Intimate matters: privacy and security and networked mental health support&#8217;. In: Postdigital Intimacies: Relational lives in the networked public-private, edited by Adrienne Evans, Jamie Hakim, Jessica Ringrose, Amy Shields Dobson &amp; Shaka McGlotten. London: UCL Press, pp. 63\u201381.<br><a href=\"https:\/\/discovery.ucl.ac.uk\/id\/eprint\/10222401\/1\/Postdigital-Intimacies.pdf\" target=\"_blank\" rel=\"noreferrer noopener\">https:\/\/discovery.ucl.ac.uk\/id\/eprint\/10222401\/1\/Postdigital-Intimacies.pdf<\/a><\/li>\n\n\n\n<li class=\"has-medium-font-size\">Valli, Ville-Aleksi &amp; Marjo Kolehmainen (2025): Mieluummin ty\u00f6t\u00f6n? Digitaalinen vastajulkisuus ja kamppailu tunnustuksesta palveluty\u00f6ss\u00e4. Sosiologia 62(3), pp. 215-234.<br><a href=\"https:\/\/journal.fi\/sosiologia\/article\/view\/148082\/118561\" target=\"_blank\" rel=\"noreferrer noopener\">https:\/\/journal.fi\/sosiologia\/article\/view\/148082\/118561<\/a><\/li>\n\n\n\n<li class=\"has-medium-font-size\">Kolehmainen, Marjo &amp; Deborah Lupton (2025): Teletherapy Matters \u2013 Mental health and materialities of care in domestic more-than-digital assemblages.<br>Social Science &amp; Medicine, Volume 383, 2025, 118418, ISSN 0277-9536.<br><a href=\"https:\/\/doi.org\/10.1016\/j.socscimed.2025.118418\" target=\"_blank\" rel=\"noreferrer noopener\">https:\/\/doi.org\/10.1016\/j.socscimed.2025.118418<\/a><\/li>\n\n\n\n<li class=\"has-medium-font-size\">Kolehmainen, Marjo (2025): Networked Care: Worlding Well-Being in a Digital Age. Sociology of Health and Illness 47 (2025), Article e70037, 10.1111\/1467-9566.70037. <a href=\"https:\/\/doi.org\/10.1111\/1467-9566.70037\" target=\"_blank\" rel=\"noreferrer noopener\">https:\/\/doi.org\/10.1111\/1467-9566.70037<\/a><\/li>\n\n\n\n<li class=\"has-medium-font-size\">Kolehmainen, Marjo (2024): Vibrant Screens: Remote therapy and counselling through the lens of digital materiality. Health. OnlineFirst. <a href=\"https:\/\/doi.org\/10.1177\/13634593241234491\" target=\"_blank\" rel=\"noreferrer noopener\">https:\/\/doi.org\/10.1177\/13634593241234491<\/a> (Open access)<\/li>\n\n\n\n<li class=\"has-medium-font-size\">Nikunen, Minna &amp; Kolehmainen, Marjo (2024): Affective capitalism and the (new) entrepreneurial mood: Slush as a field configuring event. European Journal of Cultural Studies.<br><a href=\"https:\/\/doi.org\/10.1177\/13675494241228015\" target=\"_blank\" rel=\"noreferrer noopener\">https:\/\/doi.org\/10.1177\/13675494241228015<\/a> (Open access)<\/li>\n\n\n\n<li class=\"has-medium-font-size\">N\u00e4tynki, Maria &amp; Kinnunen, Taina &amp; Kolehmainen, Marjo (2023): Embracing water, healing pine. Touch-walking and trans-corporeal worldings. The Senses &amp; Society. <a href=\"https:\/\/doi.org\/10.1080\/17458927.2023.2180864\" target=\"_blank\" rel=\"noreferrer noopener\">https:\/\/doi.org\/10.1080\/17458927.2023.2180864<\/a> (Open access)<\/li>\n\n\n\n<li class=\"has-medium-font-size\">Kolehmainen, Marjo &amp; Annukka Lahti &amp; Anu Kinnunen (2022): Affective intensities of single lives: An alternative account of highs and lows of everyday life. Sociology 57(1): 3\u201319. <a href=\"https:\/\/doi.org\/10.1177\/00380385221090858\" target=\"_blank\" rel=\"noreferrer noopener\">https:\/\/doi.org\/10.1177\/00380385221090858<\/a> (Open access)<\/li>\n\n\n\n<li class=\"has-medium-font-size\">Kolehmainen, Marjo (2022) Intimate Technology? Teletherapies in the era of COVID-19. In: Kolehmainen, Marjo &amp; Annukka Lahti &amp; Kinneret Lahad (eds) Affective Intimacies. Manchester: Manchester University Press. <a href=\"https:\/\/www.manchesterhive.com\/display\/9781526158574\/9781526158574.00009.xml\" target=\"_blank\" rel=\"noreferrer noopener\">https:\/\/doi.org\/10.7765\/9781526158574.00009<\/a> (Open access)<\/li>\n\n\n\n<li class=\"has-medium-font-size\">Kolehmainen, Marjo &amp; Annukka Lahti &amp; Kinneret Lahad (2022): Introduction. In: Kolehmainen, Marjo &amp; Annukka Lahti &amp; Kinneret Lahad (eds) Affective Intimacies. Manchester: Manchester University Press. <a href=\"https:\/\/www.manchesteropenhive.com\/view\/9781526158574\/9781526158574.00005.xml\" target=\"_blank\" rel=\"noreferrer noopener\">https:\/\/doi.org\/10.7765\/9781526158574.00005<\/a> (Open access)<\/li>\n\n\n\n<li class=\"has-medium-font-size\">Kolehmainen, Marjo (2022): Postfeminist Versions of Equality? An Analysis of Relationship and Sex Counselling Practices. Gender &amp; Society 36(1): 63\u201387. <a href=\"https:\/\/doi.org\/10.1177\/08912432211057922\" target=\"_blank\" rel=\"noreferrer noopener\">https:\/\/doi.org\/10.1177\/08912432211057922<\/a> (Open access)<\/li>\n\n\n\n<li class=\"has-medium-font-size\">Kolehmainen, Marjo (2021): Parisuhteen tunnes\u00e4\u00e4nn\u00f6t. [Book chapter: Feeling rules in couple relationships] Teoksessa: Kristiina Brunila, Esko Harni, Antti Saari &amp; Hanna Yl\u00f6stalo (toim): Terapeuttinen valta: Onnellisuuden ja hyvinvoinnin j\u00e4nnitteit\u00e4 2000-luvun Suomessa. Tampere: Vastapaino, s. 195\u2013215. [Invited book chapter.]<\/li>\n\n\n\n<li class=\"has-medium-font-size\">Kolehmainen, Marjo &amp; Katariina M\u00e4kinen (2021): Affective labour of creating atmospheres. European Journal of Cultural Studies 24(2):448\u2013463. <a href=\"https:\/\/doi.org\/10.1177\/1367549419886021\" target=\"_blank\" rel=\"noreferrer noopener\">https:\/\/doi.org\/10.1177\/1367549419886021<\/a><\/li>\n\n\n\n<li class=\"has-medium-font-size\">Lahti, Annukka &amp; Marjo Kolehmainen (2020): LGBTIQ+ break-up assemblages. At the end of the rainbow. In: Kathryn Almack and Luke Gahan (eds): Special issue on Experiences of and responses to disempowerment, violence and injustice within the relational lives of Lesbian, Gay, Bisexual, Transgender, and Queer (LGBTQ) people. Journal of Sociology 56(4): 608\u2013628.<br><a href=\"https:\/\/doi.org\/10.1177\/1440783320964545\" target=\"_blank\" rel=\"noreferrer noopener\">https:\/\/doi.org\/10.1177\/1440783320964545<\/a> (Open access)<\/li>\n\n\n\n<li class=\"has-medium-font-size\">Vuolanto, Pia &amp; Marjo Kolehmainen (2020): Gendered boundary work within the Finnish skepticism movement. Science, Technology &amp; Human Values 46(4): 789\u2013814.<br><a href=\"https:\/\/doi.org\/10.1177\/0162243920947475\" target=\"_blank\" rel=\"noreferrer noopener\">https:\/\/doi.org\/10.1177\/0162243920947475<\/a> (Open access)<\/li>\n\n\n\n<li class=\"has-medium-font-size\">Kolehmainen, Marjo &amp; Annukka Lahti (2020): Sateenkaarisinkut. [Rainbow singles] Teoksessa Lahti, Annukka &amp; Kia Aarnio, &amp; Anna Moring &amp; Jenni Kerppola (toim.) (2020): Perhe- ja l\u00e4heissuhteet sateenkaaren alla. Helsinki: Gaudeamus, s. 104-108<\/li>\n\n\n\n<li class=\"has-medium-font-size\">Kolehmainen, Marjo &amp; Anu Kinnunen &amp; Annukka Lahti (2020): Sinkkuus suomalaisessa yhteiskunnallisessa keskustelussa. [The politics of pairlessness: singlehood in the public debate in Finland] Yhteiskuntapolitiikka. 85(4): 370\u2013381. <a href=\"https:\/\/www.julkari.fi\/handle\/10024\/140461\" target=\"_blank\" rel=\"noreferrer noopener\">https:\/\/www.julkari.fi\/handle\/10024\/140461<\/a><\/li>\n\n\n\n<li class=\"has-medium-font-size\">Kolehmainen, Marjo &amp; Taina Kinnunen (2020): Affektiiviset repertuaarit suomalaisten kosketusel\u00e4m\u00e4kerroissa. [Affective repertoires in Finnish touch biographies] Rinne, Jenni &amp; Anna Kajander &amp; Riina Haanp\u00e4\u00e4 (toim.): Affektit ja tunteet kulttuurien tutkimuksessa. Ethnos-toimite 22, s. 67\u2013122. [Invited book chapter.]<br><a href=\"https:\/\/helda.helsinki.fi\/server\/api\/core\/bitstreams\/a38b0f23-df47-4ff8-92c6-2ba31b5a848e\/content\" target=\"_blank\" rel=\"noreferrer noopener\">Link to book<\/a> (Open access)<\/li>\n\n\n\n<li class=\"has-medium-font-size\">Kolehmainen, Marjo (2019): Rethinking Heteronormativity in Relationship Counseling Practices: Toward the Recognition of Nonlinearity, Uncertainty, and Rupture. In: Sehlikoglu, Serta\u00e7; Karioris, Frank G (eds.): The Everyday Makings of Heteronormativity: Cross-Cultural Explorations of Sex, Gender, and Sexuality. Lanhamn: Lexington Books, pp. 65\u201379.<\/li>\n\n\n\n<li class=\"has-medium-font-size\">Kolehmainen, Marjo (2019): Affective Assemblages: Atmospheres and Therapeutic Knowledge Production in\/through the Researcher-body. In: Salmenniemi, Suvi, Johanna Nurmi, Inna Perheentupa &amp; Harley Bergroth (eds.): Assembling Therapeutics. Cultures, Politics and Materiality. London: Routledge, pp. 43\u201357. <a href=\"https:\/\/www.taylorfrancis.com\/books\/e\/9781351233392\" target=\"_blank\" rel=\"noreferrer noopener\">https:\/\/doi.org\/10.4324\/9781351233392<\/a> (Open access)<\/li>\n\n\n\n<li class=\"has-medium-font-size\">Kinnunen, Taina &amp; Marjo Kolehmainen (2019): Touch and Affect: Analysing the archive of touch biographies. Body &amp; Society 25(1): 29\u201356. <a href=\"https:\/\/doi.org\/10.1177\/1357034X18817607\" target=\"_blank\" rel=\"noreferrer noopener\">https:\/\/doi.org\/10.1177\/1357034X18817607<\/a><\/li>\n\n\n\n<li class=\"has-medium-font-size\">Marjo Kolehmainen &amp; Tuula Juvonen (2018): Introduction: Thinking with and through affective inequalities. In: Juvonen, Tuula &amp; Marjo Kolehmainen (eds.): Affective Inequalities in Intimate Relationships. London: Routledge, pp. 1\u201316<\/li>\n\n\n\n<li class=\"has-medium-font-size\">Kolehmainen, Marjo (2018): Mapping Affective Capacities: Gender and Sexuality in Relationship and Sex Counselling Practices. In: Juvonen, Tuula &amp; Marjo Kolehmainen (eds.): Affective Inequalities in Intimate Relationships, London: Routledge, pp. 63\u201378<\/li>\n\n\n\n<li class=\"has-medium-font-size\">Kolehmainen, Marjo (2017): The Material Politics of Stereotyping White Trash: Flexible Class-Making. The Sociological Review 65(2): 251\u2013266. <a href=\"https:\/\/doi.org\/10.1177\/0038026116681440\" target=\"_blank\" rel=\"noreferrer noopener\">https:\/\/doi.org\/10.1177\/0038026116681440<\/a><\/li>\n\n\n\n<li class=\"has-medium-font-size\">Kolehmainen, Marjo (2012): Tracing ambivalent norms of sexuality: Agony columns, audience responses and parody. Sexualities 15(8): 978\u2013994. <a href=\"https:\/\/doi.org\/10.1177\/1363460712436822\" target=\"_blank\" rel=\"noreferrer noopener\">https:\/\/doi.org\/10.1177\/1363460712436822<\/a><\/li>\n\n\n\n<li class=\"has-medium-font-size\">Kolehmainen, Marjo (2012): Managed makeovers? Gendered and sexualized subjectivities in postfeminist media culture. Subjectivity: International journal of critical psychology 5(2): 180\u2013199.<\/li>\n\n\n\n<li class=\"has-medium-font-size\">Kolehmainen, Marjo &amp; Katariina M\u00e4kinen (2011): The Economics of Gay Reality Television. The Visualization of Sexual Difference in Contemporary ConsumerCulture. In Stocchetti, Matteo &amp; Karin Kukkonen (eds.): Images in Use: Towards the critical analysis of visual communication. John Benjamins, Amsterdam. pp. 225\u2013243.<\/li>\n\n\n\n<li class=\"has-medium-font-size\">Kolehmainen, Marjo (2010): Gendering and normalizing affects? How the relation to porn is constructed in young women\u2019s magazines. Feminist Media Studies 10(2): 179\u2013194.<br><a href=\"https:\/\/doi.org\/10.1080\/14680771003672288\" target=\"_blank\" rel=\"noreferrer noopener\">https:\/\/doi.org\/10.1080\/14680771003672288<\/a><\/li>\n\n\n\n<li class=\"has-medium-font-size\">Hasanen, Kirsi &amp; Tuija Koivunen &amp; Marjo Kolehmainen (2010): Min\u00e4 olen muistanut. Huomioita vuosituhannen vaihteen suomalaisesta feminismist\u00e4. [I have remembered. Remarks on contemporary Finnish Feminism.] Naistutkimus \u2013 Kvinnoforskning 23(1): 35\u201346.<\/li>\n\n\n\n<li class=\"has-medium-font-size\">Kolehmainen, Marjo &amp; Katariina M\u00e4kinen (2009): Tyylihomot ja talous: seksuaalisuus, kuluttaminen ja luokka tositelevisiossa. [The Homo Economicus of Gay Reality TV: Notions of sexuality, consumption and class] Kulttuurintutkimus 26(3\u20134): 47\u201360.<\/li>\n\n\n\n<li class=\"has-medium-font-size\">Kolehmainen, Marjo (2009): Performatiivista politiikkaa: Sukupuoli ja v\u00e4kivalta Puolustusvoimien mainoskampanjaa kritisoivassa vastamainonnassa. [Performative politics: Gender and violence in subversive advertisements criticizing the Armed Forces\u2019s advertising campaign.] Naistutkimus \u2013 Kvinnoforskning 22(1): 22\u201333.<\/li>\n\n\n\n<li class=\"has-medium-font-size\">Kolehmainen, Marjo &amp; Katariina M\u00e4kinen (2009): Seksuaalisen eron tuottaminen visuaalisessa kulutuskulttuurissa. [The production of sexual difference in visual consumer culture] Nuorisotutkimus 27(4): 102\u2013197.<\/li>\n\n\n\n<li class=\"has-medium-font-size\">Kolehmainen, Marjo (2006): Populaariksi piirretty politiikka. Itse valtiaat ja poliittinen huumori. [Delineated politics \u2013 Itse valtiaat and political humour.] Politiikka 48(4): 250\u2013261.<\/li>\n<\/ol>\n\n\n\n<p class=\"has-medium-font-size\"><strong>B &#8211; Non-refereed scientific articles<\/strong><\/p>\n\n\n\n<ol start=\"34\" class=\"wp-block-list\">\n<li class=\"has-medium-font-size\">Kolehmainen, Marjo &amp; Kinneret Lahad &amp; Annukka Lahti (2021): Introduction: Affective Intimacies Editorial for Special issue on Affective Intimacies. NORA \u2013 The Nordic Journal of Gender and Feminist Research 29(3) 147\u2013151. <a href=\"https:\/\/doi.org\/10.1080\/08038740.2021.1948724\" target=\"_blank\" rel=\"noreferrer noopener\">https:\/\/doi.org\/10.1080\/08038740.2021.1948724<\/a><\/li>\n\n\n\n<li class=\"has-medium-font-size\">Oikkonen, Venla &amp; Riikka Homanen &amp; Marjo Kolehmainen &amp; Paula Koskinen Sandberg (2021): Vuoden 2020 Sukupuolentutkimuksen p\u00e4iv\u00e4t feministisi\u00e4 tulevaisuuksia kartoittamassa. [A Conference report of the Gender Studies conference 2020 Reclaiming Futures] Sukupuolentutkimus \u2013 Genusforskning 31(1).<\/li>\n\n\n\n<li class=\"has-medium-font-size\">Juvonen, Tuula &amp; Marjo Kolehmainen (2016): Seeing the Colors of the Rainbows. Affective Politics of Queer Belonging. SQS Journal 10(1-2): vi-x.<\/li>\n\n\n\n<li class=\"has-medium-font-size\">Juvonen, Tuula &amp; Marjo Kolehmainen (2016): N\u00e4etk\u00f6 sateenkaarten v\u00e4rit? Pervon yhteenkuulumisen affektiiviset politiikat. [Seeing the Colors of the Rainbows. Affective Politics of Queer Belonging] SQS Journal 10(1\u20132): i-v.<\/li>\n\n\n\n<li class=\"has-medium-font-size\">Kivim\u00e4ki, Sanna &amp; Marjo Kolehmainen &amp; Johanna Sumiala (2010): Tunteet ja tutkimus. [Editorial for a special issue on studies on emotion] Media &amp; Viestint\u00e4. Kulttuurin ja yhteiskunnan tutkimuksen lehti 33(4): 2\u20136.<\/li>\n\n\n\n<li class=\"has-medium-font-size\">Kolehmainen, Marjo &amp; Tiina R\u00e4ttil\u00e4 (2008): Mik\u00e4 politiikka? Kenen media? [Editorial for a special issue on politics and media] Tiedotustutkimus 31(5): 6\u20139.<\/li>\n<\/ol>\n\n\n\n<p class=\"has-medium-font-size\"><strong>C &#8211; Scientific books (monographs)<\/strong><\/p>\n\n\n\n<ol start=\"40\" class=\"wp-block-list\">\n<li class=\"has-medium-font-size\">Kolehmainen, Marjo &amp; Annukka Lahti &amp; Kinneret Lahad (eds.) (2022). Affective Intimacies. Manchester: Manchester University Press.  <a href=\"https:\/\/www.manchesteropenhive.com\/view\/9781526158574\/9781526158574.xml\" target=\"_blank\" rel=\"noreferrer noopener\">https:\/\/doi.org\/10.7765\/9781526158574<\/a> (Open access)<\/li>\n\n\n\n<li class=\"has-medium-font-size\">Kolehmainen, Marjo &amp; Kinneret Lahad &amp; Annukka Lahti (eds) (2021) Special issue on Affective Intimacies. NORA \u2013 The Nordic Journal of Gender and Feminist Research 29(3) (September 2021).<br><a href=\"https:\/\/www.tandfonline.com\/toc\/swom20\/29\/3\" target=\"_blank\" rel=\"noreferrer noopener\">NORA &#8211; Nordic Journal of Feminist and Gender Research: Vol 29, No 3<\/a> (tandfonline.com)<\/li>\n\n\n\n<li class=\"has-medium-font-size\">Juvonen, Tuula &amp; Marjo Kolehmainen (eds.) (2018): Affective Inequalities in Intimate Relationships. Routledge Research in Gender and Society. London: Routledge.<\/li>\n\n\n\n<li class=\"has-medium-font-size\">Juvonen, Tuula &amp; Marjo Kolehmainen (eds.) (2016): The 10th anniversary issue of SQS \u2013 Journal of Queer Studies in Finland: Queer Affects. SQS Journal 10(1\u20132).<\/li>\n\n\n\n<li class=\"has-medium-font-size\">Kivim\u00e4ki, Sanna &amp; Marjo Kolehmainen &amp; Johanna Sumiala (toim.) (2010): Tunnetutkimuksen erikoisnumero. [Co-edited special issue on emotions in communication and media studies] Media &amp; Viestint\u00e4. Kulttuurin ja yhteiskunnan tutkimuksen lehti 33(4).<\/li>\n\n\n\n<li class=\"has-medium-font-size\">Kolehmainen, Marjo &amp; Tiina R\u00e4ttil\u00e4 (toim.) (2008): Politiikan erikoisnumero. [Co-edited special issue on politics and media] Tiedotustutkimus 31(5).<\/li>\n<\/ol>\n\n\n\n<p class=\"has-medium-font-size\"><strong>D &#8211; Publications intended for professional communities<\/strong><\/p>\n\n\n\n<ol start=\"46\" class=\"wp-block-list\">\n<li class=\"has-medium-font-size\">Kolehmainen, Marjo (2023): Terapeuttisen kulttuurin uudistaja. [Book review on Salmenniemi, Suvi: Affect, Alienation, and Politics in Therapeutic Culture &#8211; Capitalism on the Skin. Cham: Palgrave MacMillan.] Sosiologia 60(1): 51\u201354 (invited book review)<\/li>\n\n\n\n<li class=\"has-medium-font-size\">Kolehmainen, Marjo (2020): Book review on O\u2019Neill, Rachel: Seduction: Men, Masculinity and Mediated Intimacy. NORA \u2013 Nordic Journal of Feminist and Gender Research 28(4): 343\u2013344.<\/li>\n\n\n\n<li class=\"has-medium-font-size\">Kolehmainen, Marjo (2014): Affektiteoriaa yhteiskuntatieteilij\u00f6ille. Kirja-arvio teoksesta: Wetherell, Margaret: Affect and Emotion. A new social science understanding. [A book review] Sosiologia 51(2): 184\u2013186.<\/li>\n\n\n\n<li class=\"has-medium-font-size\">Kolehmainen, Marjo (2010): (Otsikoimaton). Kirja-arvio teoksesta Gregg, Melissa &amp; Gregory J. Seigworth (eds.): The Affect Theory Reader. [A book review] Media &amp; Viestint\u00e4. Kulttuurin ja yhteiskunnan tutkimuksen lehti 33(4): 117.<\/li>\n\n\n\n<li class=\"has-medium-font-size\">Homanen, Riikka &amp; Marjo Kolehmainen (2010): Tutkimusten tienhaaroissa. Konferenssireportti konferenssista: ACS Crossroads Conference (17\u201321 June 2010, Hong Kong). [At the Crossroads of Research. A conference report of the ACS Crossroads Conference 2010 in Hong Kong] Westermarck Society ry:n uutiskirje, 2\/2010.<\/li>\n<\/ol>\n\n\n\n<p class=\"has-medium-font-size\"><strong>E &#8211; Publications intended for the general public<\/strong><\/p>\n\n\n\n<ol start=\"51\" class=\"wp-block-list\">\n<li class=\"has-medium-font-size\">Kolehmainen, Marjo (2022): Pandemic Screenings. The Covid-19 pandemic and the digital screen. University of Turku Collegia TCSMT &amp; TIAS Blog.<br><a href=\"https:\/\/blogit.utu.fi\/collegia\/2022\/11\/24\/pandemic-screenings-the-covid-19-pandemic-and-the-digital-screen\/\" target=\"_blank\" rel=\"noreferrer noopener\">Link to publication<\/a><\/li>\n\n\n\n<li class=\"has-medium-font-size\">Kolehmainen, Marjo (2021): In the Name of Equality? Are Finnish Relationship Enhancement Seminars Post-feminist? Gender &amp; Society blog.<br><a href=\"https:\/\/gendersociety.wordpress.com\/2021\/12\/13\/in-the-name-of-equality-are-finnish-relationship-enhancement-seminars-post-feminist\/\" target=\"_blank\" rel=\"noreferrer noopener\">Link to publication<\/a><\/li>\n\n\n\n<li class=\"has-medium-font-size\">Kolehmainen, Marjo (2020): Tietoturvallinen terapia on asiakkaan oikeus \u2013 ja palveluntarjoajan kilpailuvaltti [Blog post: Security in therapy practice is a matter of customer rights \u2013 and a competitive advange] Tekniikka &amp; Talous.<br><a href=\"https:\/\/www.tekniikkatalous.fi\/uutiset\/tt\/21141c3c-02c4-43ed-863f-529bdf5617f6\" target=\"_blank\" rel=\"noreferrer noopener\">Link to publication<\/a><\/li>\n\n\n\n<li class=\"has-medium-font-size\">Kolehmainen, Marjo (2020): Singlehood in the Finnish public debate. The Research Network of Singlehood Studies blog.<\/li>\n\n\n\n<li class=\"has-medium-font-size\">Kolehmainen, Marjo &amp; Annukka Lahti (2019): Why Singlehood Studies? Launch speech: The Research Network of Singlehood Studies. The Research Network of Singlehood Studies blog.<\/li>\n<\/ol>\n","protected":false},"excerpt":{"rendered":"<p>A &#8211; Peer-reviewed scientific articles B &#8211; Non-refereed scientific articles C &#8211; Scientific books (monographs) D &#8211; Publications intended for professional communities [&hellip;]<\/p>\n","protected":false},"author":1,"featured_media":0,"parent":0,"menu_order":0,"comment_status":"closed","ping_status":"closed","template":"","meta":{"footnotes":""},"class_list":["post-31","page","type-page","status-publish","hentry"],"_links":{"self":[{"href":"https:\/\/www.marjokolehmainen.net\/fi\/wp-json\/wp\/v2\/pages\/31","targetHints":{"allow":["GET"]}}],"collection":[{"href":"https:\/\/www.marjokolehmainen.net\/fi\/wp-json\/wp\/v2\/pages"}],"about":[{"href":"https:\/\/www.marjokolehmainen.net\/fi\/wp-json\/wp\/v2\/types\/page"}],"author":[{"embeddable":true,"href":"https:\/\/www.marjokolehmainen.net\/fi\/wp-json\/wp\/v2\/users\/1"}],"replies":[{"embeddable":true,"href":"https:\/\/www.marjokolehmainen.net\/fi\/wp-json\/wp\/v2\/comments?post=31"}],"version-history":[{"count":41,"href":"https:\/\/www.marjokolehmainen.net\/fi\/wp-json\/wp\/v2\/pages\/31\/revisions"}],"predecessor-version":[{"id":467,"href":"https:\/\/www.marjokolehmainen.net\/fi\/wp-json\/wp\/v2\/pages\/31\/revisions\/467"}],"wp:attachment":[{"href":"https:\/\/www.marjokolehmainen.net\/fi\/wp-json\/wp\/v2\/media?parent=31"}],"curies":[{"name":"wp","href":"https:\/\/api.w.org\/{rel}","templated":true}]}}