{"id":30,"date":"2024-02-04T13:53:33","date_gmt":"2024-02-04T13:53:33","guid":{"rendered":"https:\/\/wordpress.jorispaa.duckdns.org\/?page_id=30"},"modified":"2026-03-06T08:40:48","modified_gmt":"2026-03-06T08:40:48","slug":"projects","status":"publish","type":"page","link":"https:\/\/www.marjokolehmainen.net\/fi\/projects\/","title":{"rendered":"Projektit"},"content":{"rendered":"<p class=\"has-medium-font-size\">Verkottunut hoiva - Intiimiyden kokemukset verkkov\u00e4litteisiss\u00e4 mielenterveyspalveluissa (NetCare)<\/p>\n\n\n\n<p class=\"has-medium-font-size\">NetCare on Suomen Akatemian rahoittama tutkimusprojekti 2023-2027 (p\u00e4\u00e4t\u00f6s 356256).<\/p>\n\n\n\n<p class=\"has-medium-font-size\"><strong>Kuvaus<\/strong><\/p>\n\n\n\n<p class=\"has-medium-font-size\">Hankkeessa tarkastellaan verkkov\u00e4litteisi\u00e4 mielenterveyspalveluja siit\u00e4 n\u00e4k\u00f6kulmasta, miten teknologia osallistuu hoivan tuottamiseen. Hankkeessa avataan tutkimuskentt\u00e4\u00e4 hoivan tarkasteluun ja laajennetaan samalla feministist\u00e4 tutkimusta digitaalisesta intiimiydest\u00e4. Mielenterveydellisen haavoittuvuuden ja digitaalisen haavoittuvuuden risteymi\u00e4 analysoimalla hankkeessa tuotetaan ajankohtaista tietoa uusista eriarvoisuuden muodoista Suomessa sek\u00e4 niiden sukupuoleen, seksuaalisuuteen, ik\u00e4\u00e4n, etnisyyteen ja yhteiskuntaluokkaan liittyvist\u00e4 ulottuvuuksista. Hankkeessa analysoidaan haastatteluja, verkkokeskusteluja, kampanjamateriaaleja sek\u00e4 sanomalehtiartikkeleita niin tekstintutkimuksen kuin uusmaterialistisen tutkimusotteen ty\u00f6kaluilla. Tulokset auttavat toimivien mielenterveyspalvelujen kehitt\u00e4misess\u00e4, ja hanke t\u00e4ht\u00e4\u00e4 kest\u00e4v\u00e4n mielenterveyspolitiikan tukemiseen.<\/p>\n\n\n\n<p class=\"has-medium-font-size\"><strong>Projektin j\u00e4senet<\/strong><\/p>\n\n\n\n<p class=\"has-medium-font-size\">Tutkimusryhm\u00e4:<\/p>\n\n\n\n<p class=\"has-medium-font-size\">Marjo Kolehmainen, PI<br>Akatemiatutkija<br>Turun yliopisto<\/p>\n\n\n\n<p class=\"has-medium-font-size\">Asiantuntijuusalueet:<br>Intiimiys; Affekti; Uusmaterialistiset l\u00e4hetysmistavat; Sosio-materiaaliset k\u00e4yt\u00e4nn\u00f6t; Teknologia; Sukupuoli; Seksuaalisuus; Mielenterveys; Hyvinvointi<\/p>\n\n\n\n<p class=\"has-medium-font-size\">Shahnaj Begum<br>Tutkijatohtori<br>Turun yliopisto<\/p>\n\n\n\n<p class=\"has-medium-font-size\">Asiantuntijuusalueet:<br>Hoivaty\u00f6; Maahanmuutto; Ihmisoikeudet; Ik\u00e4\u00e4ntyminen; Digitaalinen haavoittuvuus<\/p>\n\n\n\n<p class=\"has-medium-font-size\">Daria Kosinova<br>Projektitutkija<br>Turun yliopisto<\/p>\n\n\n\n<p class=\"has-medium-font-size\">Asiantuntijuusalueet:<br>Sosiaalinen media; Digitaalinen ty\u00f6; Affekti; Et\u00e4terapia; Feministinen mediatutkimus<\/p>\n\n\n\n<p class=\"has-medium-font-size\">Tuuli Innola<br>Projektitutkija<br>Turun yliopisto<\/p>\n\n\n\n<p class=\"has-medium-font-size\">Asiantuntijuusalueet:<br>Uusmaterialismit; Feministinen teoria; Affekti; Intiimiys; Ajallisuus ja aika<\/p>\n\n\n\n<p class=\"has-medium-font-size\"><em>Aiemmat projektin ty\u00f6ntekij\u00e4t:<\/em><\/p>\n\n\n\n<p class=\"has-medium-font-size\">Ville-Aleksi Valli<br>Projektitutkija&nbsp;<br>Turun yliopisto<\/p>\n\n\n\n<p class=\"has-medium-font-size\">Asiantuntijuusalueet:<br>Palveluty\u00f6; Stigmatisoitu ty\u00f6; Post-fordismi; Ty\u00f6ntekij\u00f6iden hyvinvointi; Digitaalinen aktivismi<\/p>\n\n\n\n<p class=\"has-medium-font-size\">Liit\u00e4nn\u00e4isj\u00e4senet:<\/p>\n\n\n\n<p class=\"has-medium-font-size\">Annukka Lahti<br>Sukupuolentutkimuksen yliopistonlehtori<br>It\u00e4-Suomen yliopisto<\/p>\n\n\n\n<p class=\"has-medium-font-size\">Asiantuntijuusalueet:<br>Intiimiys; Seksuaalisuus; Sukupuoli; Affekti; Uusmaterialismi; Psykososiaalisuus; LGBTIQ+ suhteet ja erot<\/p>","protected":false},"excerpt":{"rendered":"<p>Networked Care: Intimate Matters in Online Mental Health Care (NetCare) NetCare is funded by the Research Council of Finland (decision no. 356256) [&hellip;]<\/p>\n","protected":false},"author":1,"featured_media":0,"parent":0,"menu_order":0,"comment_status":"closed","ping_status":"closed","template":"","meta":{"footnotes":""},"class_list":["post-30","page","type-page","status-publish","hentry"],"_links":{"self":[{"href":"https:\/\/www.marjokolehmainen.net\/fi\/wp-json\/wp\/v2\/pages\/30","targetHints":{"allow":["GET"]}}],"collection":[{"href":"https:\/\/www.marjokolehmainen.net\/fi\/wp-json\/wp\/v2\/pages"}],"about":[{"href":"https:\/\/www.marjokolehmainen.net\/fi\/wp-json\/wp\/v2\/types\/page"}],"author":[{"embeddable":true,"href":"https:\/\/www.marjokolehmainen.net\/fi\/wp-json\/wp\/v2\/users\/1"}],"replies":[{"embeddable":true,"href":"https:\/\/www.marjokolehmainen.net\/fi\/wp-json\/wp\/v2\/comments?post=30"}],"version-history":[{"count":11,"href":"https:\/\/www.marjokolehmainen.net\/fi\/wp-json\/wp\/v2\/pages\/30\/revisions"}],"predecessor-version":[{"id":447,"href":"https:\/\/www.marjokolehmainen.net\/fi\/wp-json\/wp\/v2\/pages\/30\/revisions\/447"}],"wp:attachment":[{"href":"https:\/\/www.marjokolehmainen.net\/fi\/wp-json\/wp\/v2\/media?parent=30"}],"curies":[{"name":"wp","href":"https:\/\/api.w.org\/{rel}","templated":true}]}}