{"id":26,"date":"2024-02-04T13:12:18","date_gmt":"2024-02-04T13:12:18","guid":{"rendered":"https:\/\/wordpress.jorispaa.duckdns.org\/?page_id=26"},"modified":"2024-02-27T08:40:49","modified_gmt":"2024-02-27T08:40:49","slug":"about-me","status":"publish","type":"page","link":"https:\/\/www.marjokolehmainen.net\/fi\/about-me\/","title":{"rendered":"Minusta"},"content":{"rendered":"<p class=\"has-medium-font-size\"><strong>Asiantuntijuusalueet<\/strong><\/p>\n\n\n\n<p class=\"has-medium-font-size\">intiimiys; affekti; uusmaterialistiset l\u00e4hetysmistavat; sosio-materiaaliset k\u00e4yt\u00e4nn\u00f6t; teknologia; sukupuoli; seksuaalisuus; mielenterveys; hyvinvointi<\/p>\n\n\n\n<p class=\"has-medium-font-size\"><strong>Biografia<\/strong><\/p>\n\n\n\n<p class=\"has-medium-font-size\">Olen Akatemiatutkija ja Suomen Akatemian rahoittaman tutkimusprojektin \"Verkottunut hoiva - Intiimiyden kokemukset verkkov\u00e4litteisiss\u00e4 mielenterveyspalveluissa\" (NetCare) vastuullinen johtaja 2023\u20132027 (hanke 356256).<\/p>\n\n\n\n<p class=\"has-medium-font-size\">Ennen nykyist\u00e4 tutkimusprojektiani olen tutkinut esimerkiksi ylisukupolvisia kosketussuhteita; suomalaisen parisuhde- ja seksuaalineuvonnan k\u00e4yt\u00e4nt\u00f6j\u00e4; sek\u00e4 sit\u00e4, miten suomalaiset psykoterapeutit ja muut terapia- ja neuvonta-alan ammattilaiset kokevat teknologian ty\u00f6ss\u00e4\u00e4n koronapandemian aikana. Olen my\u00f6s toiminut sukupuolentutkimuksen yliopistonlehtorina.<\/p>\n\n\n\n<p><\/p>","protected":false},"excerpt":{"rendered":"<p>Areas of expertise intimacy; affect; more-than-human; socio-material practices; technology; gender; sexuality; mental health; well-being Biography I am Academy&nbsp;Research Fellow and the PI [&hellip;]<\/p>\n","protected":false},"author":1,"featured_media":0,"parent":0,"menu_order":0,"comment_status":"closed","ping_status":"closed","template":"","meta":{"footnotes":""},"class_list":["post-26","page","type-page","status-publish","hentry"],"_links":{"self":[{"href":"https:\/\/www.marjokolehmainen.net\/fi\/wp-json\/wp\/v2\/pages\/26","targetHints":{"allow":["GET"]}}],"collection":[{"href":"https:\/\/www.marjokolehmainen.net\/fi\/wp-json\/wp\/v2\/pages"}],"about":[{"href":"https:\/\/www.marjokolehmainen.net\/fi\/wp-json\/wp\/v2\/types\/page"}],"author":[{"embeddable":true,"href":"https:\/\/www.marjokolehmainen.net\/fi\/wp-json\/wp\/v2\/users\/1"}],"replies":[{"embeddable":true,"href":"https:\/\/www.marjokolehmainen.net\/fi\/wp-json\/wp\/v2\/comments?post=26"}],"version-history":[{"count":22,"href":"https:\/\/www.marjokolehmainen.net\/fi\/wp-json\/wp\/v2\/pages\/26\/revisions"}],"predecessor-version":[{"id":252,"href":"https:\/\/www.marjokolehmainen.net\/fi\/wp-json\/wp\/v2\/pages\/26\/revisions\/252"}],"wp:attachment":[{"href":"https:\/\/www.marjokolehmainen.net\/fi\/wp-json\/wp\/v2\/media?parent=26"}],"curies":[{"name":"wp","href":"https:\/\/api.w.org\/{rel}","templated":true}]}}