{"id":153,"date":"2024-02-23T12:08:35","date_gmt":"2024-02-23T12:08:35","guid":{"rendered":"https:\/\/wordpress.jorispaa.duckdns.org\/?page_id=153"},"modified":"2024-02-25T17:06:19","modified_gmt":"2024-02-25T17:06:19","slug":"153-2","status":"publish","type":"page","link":"https:\/\/www.marjokolehmainen.net\/fi\/","title":{"rendered":""},"content":{"rendered":"<p class=\"has-medium-font-size\">Tervetuloa kotisivuilleni.<\/p>\n\n\n\n<p class=\"has-medium-font-size\">Ty\u00f6skentelen akatemiatutkijana Turun yliopistossa. Olen my\u00f6s Suomen Akatemian rahoittaman tutkimushankkeen \"Verkottunut hoiva: Kokemukset intiimiydest\u00e4 verkkov\u00e4litteisiss\u00e4 mielenterveyspalveluissa\" (hanke 356256) johtaja 2023\u20132027.<\/p>\n\n\n\n<p class=\"has-medium-font-size\">Marjo Kolehmainen<\/p>\n\n\n\n<p class=\"has-medium-font-size\">YTT, dosentti, akatemiatutkija<\/p>\n\n\n\n<p class=\"has-medium-font-size\"><a href=\"mailto:marjo.kolehmainen@utu.fi\">marjo.kolehmainen@utu.fi<\/a><\/p>\n\n\n\n<p class=\"has-medium-font-size\">+358 50 470 8618<\/p>\n\n\n\n<p class=\"has-medium-font-size\"><\/p>\n\n\n\n<p class=\"has-medium-font-size\">Twitter<\/p>\n\n\n\n<p class=\"has-medium-font-size\"><a href=\"https:\/\/twitter.com\/MarjoKolehmain\" data-type=\"link\" data-id=\"https:\/\/twitter.com\/MarjoKolehmain\">@MarjoKolehmain (henkil\u00f6kohtainen<\/a>)<\/p>\n\n\n\n<p class=\"has-medium-font-size\"><a href=\"https:\/\/twitter.com\/NetworkedCare\" data-type=\"link\" data-id=\"https:\/\/twitter.com\/NetworkedCare\">@NetworkedCare (projekti)<\/a><\/p>\n\n\n\n<p class=\"has-medium-font-size\">Linkit:<\/p>\n\n\n\n<p class=\"has-medium-font-size\"><a href=\"https:\/\/orcid.org\/0000-0003-2949-2638\" data-type=\"link\" data-id=\"https:\/\/orcid.org\/0000-0003-2949-2638\">ORCID<\/a><\/p>","protected":false},"excerpt":{"rendered":"<p>Welcome to my home page. I work as an Academy Research Fellow at the University of Turku, Finland. I am the PI [&hellip;]<\/p>\n","protected":false},"author":1,"featured_media":0,"parent":0,"menu_order":0,"comment_status":"closed","ping_status":"closed","template":"","meta":{"footnotes":""},"class_list":["post-153","page","type-page","status-publish","hentry"],"_links":{"self":[{"href":"https:\/\/www.marjokolehmainen.net\/fi\/wp-json\/wp\/v2\/pages\/153","targetHints":{"allow":["GET"]}}],"collection":[{"href":"https:\/\/www.marjokolehmainen.net\/fi\/wp-json\/wp\/v2\/pages"}],"about":[{"href":"https:\/\/www.marjokolehmainen.net\/fi\/wp-json\/wp\/v2\/types\/page"}],"author":[{"embeddable":true,"href":"https:\/\/www.marjokolehmainen.net\/fi\/wp-json\/wp\/v2\/users\/1"}],"replies":[{"embeddable":true,"href":"https:\/\/www.marjokolehmainen.net\/fi\/wp-json\/wp\/v2\/comments?post=153"}],"version-history":[{"count":9,"href":"https:\/\/www.marjokolehmainen.net\/fi\/wp-json\/wp\/v2\/pages\/153\/revisions"}],"predecessor-version":[{"id":228,"href":"https:\/\/www.marjokolehmainen.net\/fi\/wp-json\/wp\/v2\/pages\/153\/revisions\/228"}],"wp:attachment":[{"href":"https:\/\/www.marjokolehmainen.net\/fi\/wp-json\/wp\/v2\/media?parent=153"}],"curies":[{"name":"wp","href":"https:\/\/api.w.org\/{rel}","templated":true}]}}